{"id":407,"date":"2019-11-11T08:33:51","date_gmt":"2019-11-11T08:33:51","guid":{"rendered":"https:\/\/demo.casethemes.net\/consultio-corporate3\/?page_id=407"},"modified":"2026-04-22T15:11:41","modified_gmt":"2026-04-22T20:11:41","slug":"productos-y-servicios","status":"publish","type":"page","link":"https:\/\/www.mentalpargroup.com\/do\/productos-y-servicios\/","title":{"rendered":"Productos y Servicios"},"content":{"rendered":"\t\t<div data-elementor-type=\"wp-page\" data-elementor-id=\"407\" class=\"elementor elementor-407\" data-elementor-post-type=\"page\">\n\t\t\t\t        <section class=\"elementor-section elementor-top-section elementor-element elementor-element-a3f29cf elementor-section-content-middle elementor-section-boxed elementor-section-height-default elementor-section-height-default ct-header-fixed-none ct-row-max-none\" data-id=\"a3f29cf\" data-element_type=\"section\">\n            \n                        <div class=\"elementor-container elementor-column-gap-extended \">\n                    <div class=\"elementor-column elementor-col-50 elementor-top-column elementor-element elementor-element-6616eb4\" data-id=\"6616eb4\" data-element_type=\"column\">\n        <div class=\"elementor-widget-wrap elementor-element-populated\">\n                    \n        \t\t<div class=\"elementor-element elementor-element-6917855 elementor-widget elementor-widget-ct_heading\" data-id=\"6917855\" data-element_type=\"widget\" data-widget_type=\"ct_heading.default\">\n\t\t\t\t<div class=\"elementor-widget-container\">\n\t\t\t\t\t<div id=\"ct_heading-6917855\" class=\"ct-heading h-align- sub-style1 ct-heading-left item-st-default\">\r\n\t<div class=\"ct-item--inner\">\r\n        <div class=\"ct-inline-css\"  data-css=\"\r\n            \">\r\n        <\/div>\r\n            \t\t<div class=\"item--sub-title style1 show-line\">\r\n                                                SERVICIOS                                                            <\/div>\r\n    \t        <h3 class=\"item--title st-default case-animate-time\" data-wow-delay=\"ms\">\r\n                        <span class=\"sp-main\">\r\n                \r\n                Impulsamos el bienestar integral y el desarrollo humano en tu organizaci\u00f3n.\r\n                \r\n                            <\/span>\r\n                    <\/h3>\r\n    <\/div>\r\n<\/div>\t\t\t\t<\/div>\n\t\t\t\t<\/div>\n\t\t            <\/div>\n        <\/div>\n                <div class=\"elementor-column elementor-col-50 elementor-top-column elementor-element elementor-element-68ca88c\" data-id=\"68ca88c\" data-element_type=\"column\">\n        <div class=\"elementor-widget-wrap elementor-element-populated\">\n                    \n        \t\t<div class=\"elementor-element elementor-element-c71a758 elementor-widget elementor-widget-text-editor\" data-id=\"c71a758\" data-element_type=\"widget\" data-widget_type=\"text-editor.default\">\n\t\t\t\t<div class=\"elementor-widget-container\">\n\t\t\t\t\t\t\t\t\t<p data-start=\"337\" data-end=\"824\">En Mentalpar Group Rep\u00fablica Dominicana ofrecemos soluciones especializadas que integran la psicolog\u00eda cl\u00ednica, ocupacional y de la salud, junto con el an\u00e1lisis de datos y el comportamiento humano. Acompa\u00f1amos a las organizaciones en el fortalecimiento de sus pr\u00e1cticas laborales y en el cumplimiento de marcos normativos relacionados con la gesti\u00f3n del talento, la salud y el desarrollo organizacional, mediante estrategias t\u00e9cnicas orientadas a mejorar el bienestar y la productividad.<\/p>\t\t\t\t\t\t\t\t<\/div>\n\t\t\t\t<\/div>\n\t\t            <\/div>\n        <\/div>\n                    <\/div>\n        <\/section>\n                <section class=\"elementor-section elementor-top-section elementor-element elementor-element-5a3b06c elementor-section-boxed elementor-section-height-default elementor-section-height-default ct-header-fixed-none ct-row-max-none\" data-id=\"5a3b06c\" data-element_type=\"section\">\n            \n                        <div class=\"elementor-container elementor-column-gap-extended \">\n                    <div class=\"elementor-column elementor-col-100 elementor-top-column elementor-element elementor-element-8a06aec\" data-id=\"8a06aec\" data-element_type=\"column\">\n        <div class=\"elementor-widget-wrap elementor-element-populated\">\n                    \n        \t\t<div class=\"elementor-element elementor-element-38158a4 elementor-widget elementor-widget-ct_service_grid\" data-id=\"38158a4\" data-element_type=\"widget\" data-widget_type=\"ct_service_grid.default\">\n\t\t\t\t<div class=\"elementor-widget-container\">\n\t\t\t\t\t\r\n<div id=\"ct_service_grid-38158a4\" class=\"ct-grid ct-service-grid16\" data-layout=\"masonry\" data-start-page=\"1\" data-max-pages=\"1\" data-total=\"2\" data-perpage=\"2\" data-next-link=\"\">\r\n    <div class=\"ct-grid-overlay\"><\/div>\r\n    \r\n    <div class=\"ct-grid-inner ct-grid-masonry row animate-time\" data-gutter=\"15\">\r\n                        <div class=\"grid-item col-xl-6 col-lg-6 col-md-6 col-sm-6 col-12 business\">\r\n                    <div class=\"grid-item-inner \">\r\n                                                    <div class=\"item--featured\">\r\n                                <img fetchpriority=\"high\" decoding=\"async\" class=\"disable-lazy no-lazyload \" src=\"https:\/\/www.mentalpargroup.com\/do\/wp-content\/uploads\/2020\/03\/Psicologia-Clinica-2-1-600x352.jpg\" width=\"600\" height=\"352\" alt=\"\" title=\"\" \/>                                <div class=\"item--holder\">\r\n                                    <div class=\"item--holder-inner\">\r\n                                                                                    <div class=\"item--icon\"><i class=\"flaticon-leadership\"><\/i><\/div>\r\n                                                                                <div class=\"item--primary\">\r\n                                                                                            <h3 class=\"item--title\">Psicolog\u00eda Cl\u00ednica<\/h3>\r\n                                                                                                                                        <div class=\"item--content\">\r\n                                                    Ofrecemos terapias personalizadas para tratar fobias, depresi\u00f3n y autismo.                                                <\/div>\r\n                                                                                                                                        <div class=\"item-readmore\">\r\n                                                    <a href=\"https:\/\/www.mentalpargroup.com\/do\/service\/ambientes-laborales\/\">\r\n                                                        <span>\r\n                                                            Ver M\u00e1s                                                        <\/span>\r\n                                                    <\/a>\r\n                                                <\/div>\r\n                                                                                    <\/div>\r\n                                    <\/div>\r\n                                    <div class=\"item-overlay\"><span><\/span><\/div>\r\n                                <\/div>\r\n                            <\/div>\r\n                                                <div class=\"item--meta\">\r\n                                                            <div class=\"item--icon\"><i class=\"text-gradient flaticon-leadership\"><\/i><\/div>\r\n                                                                                        <h3 class=\"item--title\"><a href=\"https:\/\/www.mentalpargroup.com\/do\/service\/ambientes-laborales\/\">Psicolog\u00eda Cl\u00ednica<\/a><\/h3>\r\n                                                    <\/div>\r\n                    <\/div>\r\n                <\/div>\r\n                            <div class=\"grid-item col-xl-6 col-lg-6 col-md-6 col-sm-6 col-12 business\">\r\n                    <div class=\"grid-item-inner \">\r\n                                                    <div class=\"item--featured\">\r\n                                <img decoding=\"async\" class=\"disable-lazy no-lazyload \" src=\"https:\/\/www.mentalpargroup.com\/do\/wp-content\/uploads\/2020\/03\/psicologia-ocupacional-2-1-600x352.jpg\" width=\"600\" height=\"352\" alt=\"\" title=\"\" \/>                                <div class=\"item--holder\">\r\n                                    <div class=\"item--holder-inner\">\r\n                                                                                    <div class=\"item--icon\"><i class=\"flaticonv2-shield\"><\/i><\/div>\r\n                                                                                <div class=\"item--primary\">\r\n                                                                                            <h3 class=\"item--title\">Psicolog\u00eda Ocupacional<\/h3>\r\n                                                                                                                                        <div class=\"item--content\">\r\n                                                    Evaluaciones psicol\u00f3gicas especializadas para entornos laborales exigentes.                                                <\/div>\r\n                                                                                                                                        <div class=\"item-readmore\">\r\n                                                    <a href=\"https:\/\/www.mentalpargroup.com\/do\/service\/psicologia-ocupacional\/\">\r\n                                                        <span>\r\n                                                            Ver M\u00e1s                                                        <\/span>\r\n                                                    <\/a>\r\n                                                <\/div>\r\n                                                                                    <\/div>\r\n                                    <\/div>\r\n                                    <div class=\"item-overlay\"><span><\/span><\/div>\r\n                                <\/div>\r\n                            <\/div>\r\n                                                <div class=\"item--meta\">\r\n                                                            <div class=\"item--icon\"><i class=\"text-gradient flaticonv2-shield\"><\/i><\/div>\r\n                                                                                        <h3 class=\"item--title\"><a href=\"https:\/\/www.mentalpargroup.com\/do\/service\/psicologia-ocupacional\/\">Psicolog\u00eda Ocupacional<\/a><\/h3>\r\n                                                    <\/div>\r\n                    <\/div>\r\n                <\/div>\r\n                                <div class=\"grid-sizer col-xl-6 col-lg-6 col-md-6 col-sm-6 col-12\"><\/div>\r\n            <\/div>\r\n        <\/div>\t\t\t\t<\/div>\n\t\t\t\t<\/div>\n\t\t            <\/div>\n        <\/div>\n                    <\/div>\n        <\/section>\n                <section class=\"elementor-section elementor-top-section elementor-element elementor-element-2a05abe elementor-section-boxed elementor-section-height-default elementor-section-height-default ct-header-fixed-none ct-row-max-none\" data-id=\"2a05abe\" data-element_type=\"section\">\n            \n                        <div class=\"elementor-container elementor-column-gap-extended \">\n                    <div class=\"elementor-column elementor-col-100 elementor-top-column elementor-element elementor-element-04fdc0f\" data-id=\"04fdc0f\" data-element_type=\"column\">\n        <div class=\"elementor-widget-wrap elementor-element-populated\">\n                    \n        \t\t<div class=\"elementor-element elementor-element-1029087 elementor-widget elementor-widget-ct_service_grid\" data-id=\"1029087\" data-element_type=\"widget\" data-widget_type=\"ct_service_grid.default\">\n\t\t\t\t<div class=\"elementor-widget-container\">\n\t\t\t\t\t\r\n<div id=\"ct_service_grid-1029087\" class=\"ct-grid ct-service-grid16\" data-layout=\"masonry\" data-start-page=\"1\" data-max-pages=\"1\" data-total=\"2\" data-perpage=\"2\" data-next-link=\"\">\r\n    <div class=\"ct-grid-overlay\"><\/div>\r\n    \r\n    <div class=\"ct-grid-inner ct-grid-masonry row animate-time\" data-gutter=\"15\">\r\n                        <div class=\"grid-item col-xl-6 col-lg-6 col-md-6 col-sm-6 col-12 corporate\">\r\n                    <div class=\"grid-item-inner \">\r\n                                                    <div class=\"item--featured\">\r\n                                <img decoding=\"async\" class=\"disable-lazy no-lazyload \" src=\"https:\/\/www.mentalpargroup.com\/do\/wp-content\/uploads\/2025\/03\/psychologist-6008046_1280-1-600x352.jpg\" width=\"600\" height=\"352\" alt=\"\" title=\"\" \/>                                <div class=\"item--holder\">\r\n                                    <div class=\"item--holder-inner\">\r\n                                                                                    <div class=\"item--icon\"><i class=\"flaticonv2-creative\"><\/i><\/div>\r\n                                                                                <div class=\"item--primary\">\r\n                                                                                            <h3 class=\"item--title\">Psicolog\u00eda de la Salud<\/h3>\r\n                                                                                                                                        <div class=\"item--content\">\r\n                                                    Promovemos el bienestar y la prevenci\u00f3n en salud a trav\u00e9s de estrategias psicol\u00f3gicas efectivas.                                                <\/div>\r\n                                                                                                                                        <div class=\"item-readmore\">\r\n                                                    <a href=\"https:\/\/www.mentalpargroup.com\/do\/service\/psicologia-de-la-salud\/\">\r\n                                                        <span>\r\n                                                            Ver M\u00e1s                                                        <\/span>\r\n                                                    <\/a>\r\n                                                <\/div>\r\n                                                                                    <\/div>\r\n                                    <\/div>\r\n                                    <div class=\"item-overlay\"><span><\/span><\/div>\r\n                                <\/div>\r\n                            <\/div>\r\n                                                <div class=\"item--meta\">\r\n                                                            <div class=\"item--icon\"><i class=\"text-gradient flaticonv2-creative\"><\/i><\/div>\r\n                                                                                        <h3 class=\"item--title\"><a href=\"https:\/\/www.mentalpargroup.com\/do\/service\/psicologia-de-la-salud\/\">Psicolog\u00eda de la Salud<\/a><\/h3>\r\n                                                    <\/div>\r\n                    <\/div>\r\n                <\/div>\r\n                            <div class=\"grid-item col-xl-6 col-lg-6 col-md-6 col-sm-6 col-12 corporate\">\r\n                    <div class=\"grid-item-inner \">\r\n                                                    <div class=\"item--featured\">\r\n                                <img loading=\"lazy\" decoding=\"async\" class=\"disable-lazy no-lazyload \" src=\"https:\/\/www.mentalpargroup.com\/do\/wp-content\/uploads\/2020\/03\/investigacion-y-desarrollo-en-ciencia-de-datos-1-600x352.jpg\" width=\"600\" height=\"352\" alt=\"\" title=\"\" \/>                                <div class=\"item--holder\">\r\n                                    <div class=\"item--holder-inner\">\r\n                                                                                    <div class=\"item--icon\"><i class=\"flaticon-chart\"><\/i><\/div>\r\n                                                                                <div class=\"item--primary\">\r\n                                                                                            <h3 class=\"item--title\">Investigaci\u00f3n y desarrollo en ciencia de datos y comportamiento humano<\/h3>\r\n                                                                                                                                        <div class=\"item--content\">\r\n                                                    Innovamos con inteligencia artificial para optimizar procesos en gesti\u00f3n humana.                                                <\/div>\r\n                                                                                                                                        <div class=\"item-readmore\">\r\n                                                    <a href=\"https:\/\/www.mentalpargroup.com\/do\/service\/investigacion-y-desarrollo-en-ciencia-de-datos\/\">\r\n                                                        <span>\r\n                                                            Ver M\u00e1s                                                        <\/span>\r\n                                                    <\/a>\r\n                                                <\/div>\r\n                                                                                    <\/div>\r\n                                    <\/div>\r\n                                    <div class=\"item-overlay\"><span><\/span><\/div>\r\n                                <\/div>\r\n                            <\/div>\r\n                                                <div class=\"item--meta\">\r\n                                                            <div class=\"item--icon\"><i class=\"text-gradient flaticon-chart\"><\/i><\/div>\r\n                                                                                        <h3 class=\"item--title\"><a href=\"https:\/\/www.mentalpargroup.com\/do\/service\/investigacion-y-desarrollo-en-ciencia-de-datos\/\">Investigaci\u00f3n y desarrollo en ciencia de datos y comportamiento humano<\/a><\/h3>\r\n                                                    <\/div>\r\n                    <\/div>\r\n                <\/div>\r\n                                <div class=\"grid-sizer col-xl-6 col-lg-6 col-md-6 col-sm-6 col-12\"><\/div>\r\n            <\/div>\r\n        <\/div>\t\t\t\t<\/div>\n\t\t\t\t<\/div>\n\t\t            <\/div>\n        <\/div>\n                    <\/div>\n        <\/section>\n        \t\t<\/div>\n\t\t","protected":false},"excerpt":{"rendered":"<p>SERVICIOS Impulsamos el bienestar integral y el desarrollo humano en tu organizaci\u00f3n. En Mentalpar Group Rep\u00fablica Dominicana ofrecemos soluciones especializadas que integran la psicolog\u00eda cl\u00ednica, ocupacional y de la salud, junto con el an\u00e1lisis de datos y el comportamiento humano. Acompa\u00f1amos a las organizaciones en el fortalecimiento de sus pr\u00e1cticas laborales y en el cumplimiento [&hellip;]<\/p>\n","protected":false},"author":3,"featured_media":0,"parent":0,"menu_order":0,"comment_status":"closed","ping_status":"closed","template":"","meta":{"footnotes":""},"class_list":["post-407","page","type-page","status-publish","hentry"],"_links":{"self":[{"href":"https:\/\/www.mentalpargroup.com\/do\/wp-json\/wp\/v2\/pages\/407","targetHints":{"allow":["GET"]}}],"collection":[{"href":"https:\/\/www.mentalpargroup.com\/do\/wp-json\/wp\/v2\/pages"}],"about":[{"href":"https:\/\/www.mentalpargroup.com\/do\/wp-json\/wp\/v2\/types\/page"}],"author":[{"embeddable":true,"href":"https:\/\/www.mentalpargroup.com\/do\/wp-json\/wp\/v2\/users\/3"}],"replies":[{"embeddable":true,"href":"https:\/\/www.mentalpargroup.com\/do\/wp-json\/wp\/v2\/comments?post=407"}],"version-history":[{"count":93,"href":"https:\/\/www.mentalpargroup.com\/do\/wp-json\/wp\/v2\/pages\/407\/revisions"}],"predecessor-version":[{"id":6965,"href":"https:\/\/www.mentalpargroup.com\/do\/wp-json\/wp\/v2\/pages\/407\/revisions\/6965"}],"wp:attachment":[{"href":"https:\/\/www.mentalpargroup.com\/do\/wp-json\/wp\/v2\/media?parent=407"}],"curies":[{"name":"wp","href":"https:\/\/api.w.org\/{rel}","templated":true}]}}