{"id":3504,"date":"2020-02-07T02:18:35","date_gmt":"2020-02-07T02:18:35","guid":{"rendered":"https:\/\/demo.casethemes.net\/consultio-corporate3\/?page_id=3504"},"modified":"2025-04-15T08:16:52","modified_gmt":"2025-04-15T13:16:52","slug":"pricing-baterias","status":"publish","type":"page","link":"https:\/\/www.mentalpargroup.com\/do\/pricing-baterias\/","title":{"rendered":"Precios Baterias"},"content":{"rendered":"\t\t<div data-elementor-type=\"wp-page\" data-elementor-id=\"3504\" class=\"elementor elementor-3504\" data-elementor-post-type=\"page\">\n\t\t\t\t        <section class=\"elementor-section elementor-top-section elementor-element elementor-element-729d3801 elementor-section-content-middle elementor-section-boxed elementor-section-height-default elementor-section-height-default ct-header-fixed-none ct-row-max-none\" data-id=\"729d3801\" data-element_type=\"section\">\n            \n                        <div class=\"elementor-container elementor-column-gap-extended \">\n                    <div class=\"elementor-column elementor-col-50 elementor-top-column elementor-element elementor-element-722c279c\" data-id=\"722c279c\" data-element_type=\"column\">\n        <div class=\"elementor-widget-wrap elementor-element-populated\">\n                    \n        \t\t<div class=\"elementor-element elementor-element-198f4d0f elementor-widget__width-initial elementor-widget elementor-widget-ct_heading\" data-id=\"198f4d0f\" data-element_type=\"widget\" data-widget_type=\"ct_heading.default\">\n\t\t\t\t<div class=\"elementor-widget-container\">\n\t\t\t\t\t<div id=\"ct_heading-198f4d0f\" class=\"ct-heading h-align- sub-style1 ct-heading-left item-st-line-left3\">\r\n\t<div class=\"ct-item--inner\">\r\n        <div class=\"ct-inline-css\"  data-css=\"\r\n            \">\r\n        <\/div>\r\n            \t\t<div class=\"item--sub-title style1 show-line\">\r\n                                                Precios                                                            <\/div>\r\n    \t        <h3 class=\"item--title st-line-left3 case-animate-time\" data-wow-delay=\"ms\">\r\n                        <span class=\"sp-main\">\r\n                \r\n                Software de Bater\u00eda de Riesgo Psicosocial\r\n                \r\n                                    <i class=\"dot-shape\">\r\n                        <i><\/i>\r\n                        <i><\/i>\r\n                        <i><\/i>\r\n                        <i><\/i>\r\n                        <i><\/i>\r\n                        <i><\/i>\r\n                    <\/i>\r\n                            <\/span>\r\n                    <\/h3>\r\n    <\/div>\r\n<\/div>\t\t\t\t<\/div>\n\t\t\t\t<\/div>\n\t\t            <\/div>\n        <\/div>\n                <div class=\"elementor-column elementor-col-50 elementor-top-column elementor-element elementor-element-6ddd7a0c\" data-id=\"6ddd7a0c\" data-element_type=\"column\">\n        <div class=\"elementor-widget-wrap elementor-element-populated\">\n                    \n        \t\t<div class=\"elementor-element elementor-element-1ab9c7ea elementor-widget elementor-widget-text-editor\" data-id=\"1ab9c7ea\" data-element_type=\"widget\" data-widget_type=\"text-editor.default\">\n\t\t\t\t<div class=\"elementor-widget-container\">\n\t\t\t\t\t\t\t\t\t<p class=\"\" style=\"text-align: justify;\" data-start=\"238\" data-end=\"532\">Nuestro software facilita la aplicaci\u00f3n y an\u00e1lisis de las bater\u00edas de riesgo psicosocial de manera virtual, adapt\u00e1ndose a diferentes dispositivos (PC, tablet, m\u00f3vil). Conoce el nivel de exposici\u00f3n de tus empleados y obt\u00e9n informes detallados.<\/p><p class=\"\" style=\"text-align: justify;\" data-start=\"534\" data-end=\"643\"><strong data-start=\"534\" data-end=\"641\">Elige el plan que mejor se adapte a tu equipo y garantiza un entorno de trabajo saludable y productivo.<\/strong><\/p><p style=\"text-align: justify;\" data-start=\"534\" data-end=\"643\">Para Empresas con sedes a nivel global porfavor contactanos o deja tu mensaje en nuestro email institucional, que uno de nuestro equipo te contactara (Aplicamos desde Centro America, Sur America y Todo Europa).\u00a0<\/p>\t\t\t\t\t\t\t\t<\/div>\n\t\t\t\t<\/div>\n\t\t            <\/div>\n        <\/div>\n                    <\/div>\n        <\/section>\n        <div class=\"elementor-element elementor-element-7e72cf6 e-flex e-con-boxed e-con e-parent\" data-id=\"7e72cf6\" data-element_type=\"container\">\n\t\t\t\t\t<div class=\"e-con-inner\">\n\t\t<div class=\"elementor-element elementor-element-0776a57 e-con-full e-flex e-con e-child\" data-id=\"0776a57\" data-element_type=\"container\">\n\t\t\t\t<div class=\"elementor-element elementor-element-e716c08 elementor-widget elementor-widget-price-table\" data-id=\"e716c08\" data-element_type=\"widget\" data-widget_type=\"price-table.default\">\n\t\t\t\t<div class=\"elementor-widget-container\">\n\t\t\t\t\t\n\t\t<div class=\"elementor-price-table\">\n\t\t\t\t\t\t\t<div class=\"elementor-price-table__header\">\n\t\t\t\t\t\t\t\t\t\t\t<h3 class=\"elementor-price-table__heading\">\n\t\t\t\t\t\tPlan B\u00e1sico\t\t\t\t\t\t<\/h3>\n\t\t\t\t\t\n\t\t\t\t\t\t\t\t\t\t\t<span class=\"elementor-price-table__subheading\">\n\t\t\t\t\t\t\tDe 1 a 200 Empleados\t\t\t\t\t\t<\/span>\n\t\t\t\t\t\t\t\t\t<\/div>\n\t\t\t\n\t\t\t<div class=\"elementor-price-table__price\">\n\t\t\t\t\t\t\t\t<span class=\"elementor-price-table__currency\">&#036;<\/span>\t\t\t\t\t\t\t\t\t<span class=\"elementor-price-table__integer-part\">\n\t\t\t\t\t\t27.000\t\t\t\t\t<\/span>\n\t\t\t\t\n\t\t\t\t\n\t\t\t\t\n\t\t\t\t\t\t\t\t\t<span class=\"elementor-price-table__period elementor-typo-excluded\">Por Empleado (Incluye Impuesto)<\/span>\t\t\t\t\t\t\t<\/div>\n\n\t\t\t\t\t\t\t<ul class=\"elementor-price-table__features-list\">\n\t\t\t\t\t\t\t\t\t\t\t<li class=\"elementor-repeater-item-2c5515f\">\n\t\t\t\t\t\t\t<div class=\"elementor-price-table__feature-inner\">\n\t\t\t\t\t\t\t\t<i aria-hidden=\"true\" class=\"far fa-check-circle\"><\/i>\t\t\t\t\t\t\t\t\t\t\t\t\t\t\t\t\t<span >\n\t\t\t\t\t\t\t\t\t\tAcceso a la plataforma para la aplicaci\u00f3n de las bater\u00edas, en entorno virtual desde una (PC, Tablet, M\u00f3vil)\t\t\t\t\t\t\t\t\t<\/span>\n\t\t\t\t\t\t\t\t\t\t\t\t\t\t\t\t<\/div>\n\t\t\t\t\t\t<\/li>\n\t\t\t\t\t\t\t\t\t\t\t<li class=\"elementor-repeater-item-28d007c\">\n\t\t\t\t\t\t\t<div class=\"elementor-price-table__feature-inner\">\n\t\t\t\t\t\t\t\t<i aria-hidden=\"true\" class=\"far fa-check-circle\"><\/i>\t\t\t\t\t\t\t\t\t\t\t\t\t\t\t\t\t<span >\n\t\t\t\t\t\t\t\t\t\tInforme diagn\u00f3stico sobre riesgo psicosocial\t\t\t\t\t\t\t\t\t<\/span>\n\t\t\t\t\t\t\t\t\t\t\t\t\t\t\t\t<\/div>\n\t\t\t\t\t\t<\/li>\n\t\t\t\t\t\t\t\t\t<\/ul>\n\t\t\t\n\t\t\t\t\t\t\t<div class=\"elementor-price-table__footer\">\n\t\t\t\t\t\t\t\t\t\t\t<a class=\"elementor-price-table__button elementor-button elementor-size-md\" href=\"#\">\n\t\t\t\t\t\t\tContratar Ahora\t\t\t\t\t\t<\/a>\n\t\t\t\t\t\n\t\t\t\t\t\t\t\t\t<\/div>\n\t\t\t\t\t<\/div>\n\n\t\t\t\t\t\t<\/div>\n\t\t\t\t<\/div>\n\t\t\t\t<\/div>\n\t\t<div class=\"elementor-element elementor-element-b96ba78 e-con-full e-flex e-con e-child\" data-id=\"b96ba78\" data-element_type=\"container\">\n\t\t\t\t<div class=\"elementor-element elementor-element-866fb5f elementor-widget elementor-widget-price-table\" data-id=\"866fb5f\" data-element_type=\"widget\" data-widget_type=\"price-table.default\">\n\t\t\t\t<div class=\"elementor-widget-container\">\n\t\t\t\t\t\n\t\t<div class=\"elementor-price-table\">\n\t\t\t\t\t\t\t<div class=\"elementor-price-table__header\">\n\t\t\t\t\t\t\t\t\t\t\t<h3 class=\"elementor-price-table__heading\">\n\t\t\t\t\t\tPlan Intermedio\t\t\t\t\t\t<\/h3>\n\t\t\t\t\t\n\t\t\t\t\t\t\t\t\t\t\t<span class=\"elementor-price-table__subheading\">\n\t\t\t\t\t\t\tDe 201 a 500 Empleados\t\t\t\t\t\t<\/span>\n\t\t\t\t\t\t\t\t\t<\/div>\n\t\t\t\n\t\t\t<div class=\"elementor-price-table__price\">\n\t\t\t\t\t\t\t\t<span class=\"elementor-price-table__currency\">&#036;<\/span>\t\t\t\t\t\t\t\t\t<span class=\"elementor-price-table__integer-part\">\n\t\t\t\t\t\t25.000\t\t\t\t\t<\/span>\n\t\t\t\t\n\t\t\t\t\n\t\t\t\t\n\t\t\t\t\t\t\t\t\t<span class=\"elementor-price-table__period elementor-typo-excluded\">Por Empleado (Incluye Impuesto)<\/span>\t\t\t\t\t\t\t<\/div>\n\n\t\t\t\t\t\t\t<ul class=\"elementor-price-table__features-list\">\n\t\t\t\t\t\t\t\t\t\t\t<li class=\"elementor-repeater-item-2c5515f\">\n\t\t\t\t\t\t\t<div class=\"elementor-price-table__feature-inner\">\n\t\t\t\t\t\t\t\t<i aria-hidden=\"true\" class=\"far fa-check-circle\"><\/i>\t\t\t\t\t\t\t\t\t\t\t\t\t\t\t\t\t<span >\n\t\t\t\t\t\t\t\t\t\tAcceso a la plataforma para la aplicaci\u00f3n de las bater\u00edas, en entorno virtual desde una (PC, Tablet, M\u00f3vil)\t\t\t\t\t\t\t\t\t<\/span>\n\t\t\t\t\t\t\t\t\t\t\t\t\t\t\t\t<\/div>\n\t\t\t\t\t\t<\/li>\n\t\t\t\t\t\t\t\t\t\t\t<li class=\"elementor-repeater-item-28d007c\">\n\t\t\t\t\t\t\t<div class=\"elementor-price-table__feature-inner\">\n\t\t\t\t\t\t\t\t<i aria-hidden=\"true\" class=\"far fa-check-circle\"><\/i>\t\t\t\t\t\t\t\t\t\t\t\t\t\t\t\t\t<span >\n\t\t\t\t\t\t\t\t\t\tInforme diagn\u00f3stico sobre riesgo psicosocial\t\t\t\t\t\t\t\t\t<\/span>\n\t\t\t\t\t\t\t\t\t\t\t\t\t\t\t\t<\/div>\n\t\t\t\t\t\t<\/li>\n\t\t\t\t\t\t\t\t\t<\/ul>\n\t\t\t\n\t\t\t\t\t\t\t<div class=\"elementor-price-table__footer\">\n\t\t\t\t\t\t\t\t\t\t\t<a class=\"elementor-price-table__button elementor-button elementor-size-md\" href=\"#\">\n\t\t\t\t\t\t\tContratar Ahora\t\t\t\t\t\t<\/a>\n\t\t\t\t\t\n\t\t\t\t\t\t\t\t\t<\/div>\n\t\t\t\t\t<\/div>\n\n\t\t\t\t\t\t<\/div>\n\t\t\t\t<\/div>\n\t\t\t\t<\/div>\n\t\t<div class=\"elementor-element elementor-element-a5c7403 e-con-full e-flex e-con e-child\" data-id=\"a5c7403\" data-element_type=\"container\">\n\t\t\t\t<div class=\"elementor-element elementor-element-4769d09 elementor-widget elementor-widget-price-table\" data-id=\"4769d09\" data-element_type=\"widget\" data-widget_type=\"price-table.default\">\n\t\t\t\t<div class=\"elementor-widget-container\">\n\t\t\t\t\t\n\t\t<div class=\"elementor-price-table\">\n\t\t\t\t\t\t\t<div class=\"elementor-price-table__header\">\n\t\t\t\t\t\t\t\t\t\t\t<h3 class=\"elementor-price-table__heading\">\n\t\t\t\t\t\tPlan Avanzado\t\t\t\t\t\t<\/h3>\n\t\t\t\t\t\n\t\t\t\t\t\t\t\t\t\t\t<span class=\"elementor-price-table__subheading\">\n\t\t\t\t\t\t\tDe 501 Empleados en Adelante\t\t\t\t\t\t<\/span>\n\t\t\t\t\t\t\t\t\t<\/div>\n\t\t\t\n\t\t\t<div class=\"elementor-price-table__price\">\n\t\t\t\t\t\t\t\t<span class=\"elementor-price-table__currency\">&#036;<\/span>\t\t\t\t\t\t\t\t\t<span class=\"elementor-price-table__integer-part\">\n\t\t\t\t\t\t23.000\t\t\t\t\t<\/span>\n\t\t\t\t\n\t\t\t\t\n\t\t\t\t\n\t\t\t\t\t\t\t\t\t<span class=\"elementor-price-table__period elementor-typo-excluded\">Por Empleado (Incluye Impuesto)<\/span>\t\t\t\t\t\t\t<\/div>\n\n\t\t\t\t\t\t\t<ul class=\"elementor-price-table__features-list\">\n\t\t\t\t\t\t\t\t\t\t\t<li class=\"elementor-repeater-item-2c5515f\">\n\t\t\t\t\t\t\t<div class=\"elementor-price-table__feature-inner\">\n\t\t\t\t\t\t\t\t<i aria-hidden=\"true\" class=\"far fa-check-circle\"><\/i>\t\t\t\t\t\t\t\t\t\t\t\t\t\t\t\t\t<span >\n\t\t\t\t\t\t\t\t\t\tAcceso a la plataforma para la aplicaci\u00f3n de las bater\u00edas, en entorno virtual desde una (PC, Tablet, M\u00f3vil)\t\t\t\t\t\t\t\t\t<\/span>\n\t\t\t\t\t\t\t\t\t\t\t\t\t\t\t\t<\/div>\n\t\t\t\t\t\t<\/li>\n\t\t\t\t\t\t\t\t\t\t\t<li class=\"elementor-repeater-item-28d007c\">\n\t\t\t\t\t\t\t<div class=\"elementor-price-table__feature-inner\">\n\t\t\t\t\t\t\t\t<i aria-hidden=\"true\" class=\"far fa-check-circle\"><\/i>\t\t\t\t\t\t\t\t\t\t\t\t\t\t\t\t\t<span >\n\t\t\t\t\t\t\t\t\t\tInforme diagn\u00f3stico sobre riesgo psicosocial\t\t\t\t\t\t\t\t\t<\/span>\n\t\t\t\t\t\t\t\t\t\t\t\t\t\t\t\t<\/div>\n\t\t\t\t\t\t<\/li>\n\t\t\t\t\t\t\t\t\t<\/ul>\n\t\t\t\n\t\t\t\t\t\t\t<div class=\"elementor-price-table__footer\">\n\t\t\t\t\t\t\t\t\t\t\t<a class=\"elementor-price-table__button elementor-button elementor-size-md\" href=\"#\">\n\t\t\t\t\t\t\tContratar Ahora\t\t\t\t\t\t<\/a>\n\t\t\t\t\t\n\t\t\t\t\t\t\t\t\t<\/div>\n\t\t\t\t\t<\/div>\n\n\t\t\t\t\t\t<\/div>\n\t\t\t\t<\/div>\n\t\t\t\t<\/div>\n\t\t\t\t\t<\/div>\n\t\t\t\t<\/div>\n\t\t<div class=\"elementor-element elementor-element-d59f02e e-flex e-con-boxed e-con e-parent\" data-id=\"d59f02e\" data-element_type=\"container\">\n\t\t\t\t\t<div class=\"e-con-inner\">\n\t\t\t\t<div class=\"elementor-element elementor-element-eea2eeb elementor-widget elementor-widget-text-editor\" data-id=\"eea2eeb\" data-element_type=\"widget\" data-widget_type=\"text-editor.default\">\n\t\t\t\t<div class=\"elementor-widget-container\">\n\t\t\t\t\t\t\t\t\t<p style=\"text-align: justify;\"><strong><span style=\"color: #000000;\">Nota: se cancela el 50% antes de arrancar el proyecto, para gastos de log\u00edstica y tecnolog\u00eda; el otro 50% al momento de entregar el informe diagnostico con su respectiva socializaci\u00f3n.<\/span><\/strong><\/p>\t\t\t\t\t\t\t\t<\/div>\n\t\t\t\t<\/div>\n\t\t\t\t\t<\/div>\n\t\t\t\t<\/div>\n\t\t<div class=\"elementor-element elementor-element-3ac54dc e-flex e-con-boxed e-con e-parent\" data-id=\"3ac54dc\" data-element_type=\"container\">\n\t\t\t\t\t<div class=\"e-con-inner\">\n\t\t\t\t<div class=\"elementor-element elementor-element-dd0339d elementor-widget elementor-widget-ct_heading\" data-id=\"dd0339d\" data-element_type=\"widget\" data-widget_type=\"ct_heading.default\">\n\t\t\t\t<div class=\"elementor-widget-container\">\n\t\t\t\t\t<div id=\"ct_heading-dd0339d\" class=\"ct-heading h-align-center sub- ct-heading-left item-st-line-left1\">\r\n\t<div class=\"ct-item--inner\">\r\n        <div class=\"ct-inline-css\"  data-css=\"\r\n            \">\r\n        <\/div>\r\n                <h3 class=\"item--title st-line-left1 case-animate-time\" data-wow-delay=\"ms\">\r\n                        <span class=\"sp-main\">\r\n                                    <i><\/i>\r\n                \r\n                Algunos de Nuestros Clientes\r\n                \r\n                            <\/span>\r\n                    <\/h3>\r\n    <\/div>\r\n<\/div>\t\t\t\t<\/div>\n\t\t\t\t<\/div>\n\t\t\t\t<div class=\"elementor-element elementor-element-f45c520 elementor-widget elementor-widget-ct_gallery_carousel\" data-id=\"f45c520\" data-element_type=\"widget\" data-widget_type=\"ct_gallery_carousel.default\">\n\t\t\t\t<div class=\"elementor-widget-container\">\n\t\t\t\t\t    <div class=\"ct-gallery-carousel1 ct-slick-slider\">\r\n        <div class=\"ct-carousel-inner\">\r\n            <div class=\"ct-slick-carousel\" data-arrows=\"\" data-dots=\"\" data-pauseOnHover=\"\" data-autoplay=\"true\" data-autoplaySpeed=\"3000\" data-infinite=\"true\" data-speed=\"500\" data-colxs=\"2\" data-colsm=\"4\" data-colmd=\"4\" data-collg=\"4\" data-colxl=\"4\" data-dir=\"false\" data-slidesToScroll=\"1\">\r\n                                    <div class=\"slick-slide\">\r\n                        <img decoding=\"async\" class=\"\" src=\"https:\/\/www.mentalpargroup.com\/do\/wp-content\/uploads\/2025\/02\/cine-colombia-cliente.jpg\" width=\"200\" height=\"150\" alt=\"\" title=\"\" \/>                    <\/div>\r\n                                    <div class=\"slick-slide\">\r\n                        <img decoding=\"async\" class=\"\" src=\"https:\/\/www.mentalpargroup.com\/do\/wp-content\/uploads\/2025\/02\/logo-bodytech-cliente.jpg\" width=\"200\" height=\"150\" alt=\"\" title=\"\" \/>                    <\/div>\r\n                                    <div class=\"slick-slide\">\r\n                        <img decoding=\"async\" class=\"\" src=\"https:\/\/www.mentalpargroup.com\/do\/wp-content\/uploads\/2025\/02\/camara-comercio-bcmga-cliente.jpg\" width=\"200\" height=\"150\" alt=\"\" title=\"\" \/>                    <\/div>\r\n                                    <div class=\"slick-slide\">\r\n                        <img loading=\"lazy\" decoding=\"async\" class=\"\" src=\"https:\/\/www.mentalpargroup.com\/do\/wp-content\/uploads\/2025\/02\/colombo-germana-cliente.jpg\" width=\"200\" height=\"150\" alt=\"\" title=\"\" \/>                    <\/div>\r\n                                    <div class=\"slick-slide\">\r\n                        <img loading=\"lazy\" decoding=\"async\" class=\"\" src=\"https:\/\/www.mentalpargroup.com\/do\/wp-content\/uploads\/2025\/02\/universidad-manizales-cliente.jpg\" width=\"200\" height=\"150\" alt=\"\" title=\"\" \/>                    <\/div>\r\n                                    <div class=\"slick-slide\">\r\n                        <img loading=\"lazy\" decoding=\"async\" class=\"\" src=\"https:\/\/www.mentalpargroup.com\/do\/wp-content\/uploads\/2025\/02\/moreno-vargas-cliente.jpg\" width=\"200\" height=\"150\" alt=\"\" title=\"\" \/>                    <\/div>\r\n                                    <div class=\"slick-slide\">\r\n                        <img loading=\"lazy\" decoding=\"async\" class=\"\" src=\"https:\/\/www.mentalpargroup.com\/do\/wp-content\/uploads\/2025\/02\/surcolac-cliente.jpg\" width=\"200\" height=\"150\" alt=\"\" title=\"\" \/>                    <\/div>\r\n                                    <div class=\"slick-slide\">\r\n                        <img loading=\"lazy\" decoding=\"async\" class=\"\" src=\"https:\/\/www.mentalpargroup.com\/do\/wp-content\/uploads\/2025\/02\/tecno-urbana-cliente.jpg\" width=\"200\" height=\"150\" alt=\"\" title=\"\" \/>                    <\/div>\r\n                                    <div class=\"slick-slide\">\r\n                        <img loading=\"lazy\" decoding=\"async\" class=\"\" src=\"https:\/\/www.mentalpargroup.com\/do\/wp-content\/uploads\/2025\/02\/sacs-cliente.jpg\" width=\"200\" height=\"150\" alt=\"sacs-cliente\" title=\"sacs-cliente\" \/>                    <\/div>\r\n                                    <div class=\"slick-slide\">\r\n                        <img loading=\"lazy\" decoding=\"async\" class=\"\" src=\"https:\/\/www.mentalpargroup.com\/do\/wp-content\/uploads\/2025\/02\/superintendencia-cliente.jpg\" width=\"200\" height=\"150\" alt=\"\" title=\"\" \/>                    <\/div>\r\n                                    <div class=\"slick-slide\">\r\n                        <img loading=\"lazy\" decoding=\"async\" class=\"\" src=\"https:\/\/www.mentalpargroup.com\/do\/wp-content\/uploads\/2025\/02\/avicola-la-dominga.jpg\" width=\"200\" height=\"150\" alt=\"\" title=\"\" \/>                    <\/div>\r\n                                    <div class=\"slick-slide\">\r\n                        <img loading=\"lazy\" decoding=\"async\" class=\"\" src=\"https:\/\/www.mentalpargroup.com\/do\/wp-content\/uploads\/2025\/02\/coomotor.jpg\" width=\"200\" height=\"150\" alt=\"\" title=\"\" \/>                    <\/div>\r\n                                    <div class=\"slick-slide\">\r\n                        <img loading=\"lazy\" decoding=\"async\" class=\"\" src=\"https:\/\/www.mentalpargroup.com\/do\/wp-content\/uploads\/2025\/02\/hotel-chicala.jpg\" width=\"200\" height=\"150\" alt=\"\" title=\"\" \/>                    <\/div>\r\n                                    <div class=\"slick-slide\">\r\n                        <img loading=\"lazy\" decoding=\"async\" class=\"\" src=\"https:\/\/www.mentalpargroup.com\/do\/wp-content\/uploads\/2025\/02\/mercasur.jpg\" width=\"200\" height=\"150\" alt=\"\" title=\"\" \/>                    <\/div>\r\n                                    <div class=\"slick-slide\">\r\n                        <img loading=\"lazy\" decoding=\"async\" class=\"\" src=\"https:\/\/www.mentalpargroup.com\/do\/wp-content\/uploads\/2025\/02\/todos-ips.jpg\" width=\"200\" height=\"150\" alt=\"\" title=\"\" \/>                    <\/div>\r\n                                    <div class=\"slick-slide\">\r\n                        <img loading=\"lazy\" decoding=\"async\" class=\"\" src=\"https:\/\/www.mentalpargroup.com\/do\/wp-content\/uploads\/2025\/02\/agricola-rio-neiva.jpg\" width=\"200\" height=\"150\" alt=\"\" title=\"\" \/>                    <\/div>\r\n                                    <div class=\"slick-slide\">\r\n                        <img loading=\"lazy\" decoding=\"async\" class=\"\" src=\"https:\/\/www.mentalpargroup.com\/do\/wp-content\/uploads\/2025\/02\/alarmas-tm.jpg\" width=\"200\" height=\"150\" alt=\"\" title=\"\" \/>                    <\/div>\r\n                                    <div class=\"slick-slide\">\r\n                        <img loading=\"lazy\" decoding=\"async\" class=\"\" src=\"https:\/\/www.mentalpargroup.com\/do\/wp-content\/uploads\/2025\/02\/asmepcol.jpg\" width=\"200\" height=\"150\" alt=\"\" title=\"\" \/>                    <\/div>\r\n                                    <div class=\"slick-slide\">\r\n                        <img loading=\"lazy\" decoding=\"async\" class=\"\" src=\"https:\/\/www.mentalpargroup.com\/do\/wp-content\/uploads\/2025\/02\/cotransganadera.jpg\" width=\"200\" height=\"150\" alt=\"\" title=\"\" \/>                    <\/div>\r\n                                    <div class=\"slick-slide\">\r\n                        <img loading=\"lazy\" decoding=\"async\" class=\"\" src=\"https:\/\/www.mentalpargroup.com\/do\/wp-content\/uploads\/2025\/02\/emgesa.jpg\" width=\"200\" height=\"150\" alt=\"\" title=\"\" \/>                    <\/div>\r\n                                    <div class=\"slick-slide\">\r\n                        <img loading=\"lazy\" decoding=\"async\" class=\"\" src=\"https:\/\/www.mentalpargroup.com\/do\/wp-content\/uploads\/2025\/02\/ingesa.jpg\" width=\"200\" height=\"150\" alt=\"\" title=\"\" \/>                    <\/div>\r\n                            <\/div>\r\n        <\/div>\r\n    <\/div>\r\n\t\t\t\t<\/div>\n\t\t\t\t<\/div>\n\t\t\t\t\t<\/div>\n\t\t\t\t<\/div>\n\t\t<div class=\"elementor-element elementor-element-b5b4886 e-flex e-con-boxed e-con e-parent\" data-id=\"b5b4886\" data-element_type=\"container\">\n\t\t\t\t\t<div class=\"e-con-inner\">\n\t\t\t\t<div class=\"elementor-element elementor-element-2868121 elementor-widget__width-initial elementor-widget elementor-widget-html\" data-id=\"2868121\" data-element_type=\"widget\" data-widget_type=\"html.default\">\n\t\t\t\t<div class=\"elementor-widget-container\">\n\t\t\t\t\t<!DOCTYPE html>\n<html lang=\"es\">\n<head>\n  <meta charset=\"UTF-8\">\n  <meta name=\"viewport\" content=\"width=device-width, initial-scale=1.0\">\n  <title>Portafolio MentalPar Group<\/title>\n  <style>\n    button {\n      font-size: 18px;\n      font-weight: bold;\n      color: white;\n      background-color: #007BFF;\n      border: none;\n      padding: 10px 20px;\n      cursor: pointer;\n      border-radius: 5px;\n    }\n    button:hover {\n      background-color: #0056b3;\n    }\n  <\/style>\n<\/head>\n<body><center>\n  <h4>Portafolio MentalPar Group S.A.S<\/h4>\n   <button onclick=\"window.open('https:\/\/www.mentalpargroup.com\/do\/wp-content\/uploads\/2025\/02\/portafolio-de-servicios-2025-1.pdf', '_blank')\">Abrir Brochure PDF<\/button><\/center>\n<\/body>\n<\/html>\t\t\t\t<\/div>\n\t\t\t\t<\/div>\n\t\t\t\t\t<\/div>\n\t\t\t\t<\/div>\n\t\t<div class=\"elementor-element elementor-element-e1a5cd8 e-flex e-con-boxed e-con e-parent\" data-id=\"e1a5cd8\" data-element_type=\"container\">\n\t\t\t\t\t<div class=\"e-con-inner\">\n\t\t\t\t<div class=\"elementor-element elementor-element-c2d87bc elementor-widget__width-initial elementor-widget elementor-widget-ct_download\" data-id=\"c2d87bc\" data-element_type=\"widget\" data-widget_type=\"ct_download.default\">\n\t\t\t\t<div class=\"elementor-widget-container\">\n\t\t\t\t\t    <div class=\"ct-download\">\r\n                    <div class=\"item--download\">\r\n                <a href=\"https:\/\/www.mentalpargroup.com\/do\/wp-content\/uploads\/2025\/02\/paquete-tipo-a.pdf\" target=\"_blank\">\r\n            \t<i aria-hidden=\"true\" class=\"material zmdi zmdi-archive\"><\/i>                                <span>Paquete Tipo A<\/span>\r\n            \t<\/a>\r\n           <\/div>\r\n                    <div class=\"item--download\">\r\n                <a href=\"https:\/\/www.mentalpargroup.com\/do\/wp-content\/uploads\/2025\/02\/paquete-tipo-b.pdf\" target=\"_blank\">\r\n            \t<i aria-hidden=\"true\" class=\"material zmdi zmdi-assignment-returned\"><\/i>                                <span>Paquete Tipo B<\/span>\r\n            \t<\/a>\r\n           <\/div>\r\n            <\/div>\r\n\t\t\t\t<\/div>\n\t\t\t\t<\/div>\n\t\t\t\t\t<\/div>\n\t\t\t\t<\/div>\n\t\t\t\t<\/div>\n\t\t","protected":false},"excerpt":{"rendered":"<p>Precios Software de Bater\u00eda de Riesgo Psicosocial Nuestro software facilita la aplicaci\u00f3n y an\u00e1lisis de las bater\u00edas de riesgo psicosocial de manera virtual, adapt\u00e1ndose a diferentes dispositivos (PC, tablet, m\u00f3vil). Conoce el nivel de exposici\u00f3n de tus empleados y obt\u00e9n informes detallados. Elige el plan que mejor se adapte a tu equipo y garantiza un [&hellip;]<\/p>\n","protected":false},"author":3,"featured_media":0,"parent":0,"menu_order":0,"comment_status":"closed","ping_status":"closed","template":"","meta":{"footnotes":""},"class_list":["post-3504","page","type-page","status-publish","hentry"],"_links":{"self":[{"href":"https:\/\/www.mentalpargroup.com\/do\/wp-json\/wp\/v2\/pages\/3504","targetHints":{"allow":["GET"]}}],"collection":[{"href":"https:\/\/www.mentalpargroup.com\/do\/wp-json\/wp\/v2\/pages"}],"about":[{"href":"https:\/\/www.mentalpargroup.com\/do\/wp-json\/wp\/v2\/types\/page"}],"author":[{"embeddable":true,"href":"https:\/\/www.mentalpargroup.com\/do\/wp-json\/wp\/v2\/users\/3"}],"replies":[{"embeddable":true,"href":"https:\/\/www.mentalpargroup.com\/do\/wp-json\/wp\/v2\/comments?post=3504"}],"version-history":[{"count":80,"href":"https:\/\/www.mentalpargroup.com\/do\/wp-json\/wp\/v2\/pages\/3504\/revisions"}],"predecessor-version":[{"id":6618,"href":"https:\/\/www.mentalpargroup.com\/do\/wp-json\/wp\/v2\/pages\/3504\/revisions\/6618"}],"wp:attachment":[{"href":"https:\/\/www.mentalpargroup.com\/do\/wp-json\/wp\/v2\/media?parent=3504"}],"curies":[{"name":"wp","href":"https:\/\/api.w.org\/{rel}","templated":true}]}}